{"id":4362,"date":"2025-07-21T07:21:17","date_gmt":"2025-07-21T05:21:17","guid":{"rendered":"https:\/\/www.nbi-ngf.ch\/?page_id=4362"},"modified":"2025-12-10T09:47:43","modified_gmt":"2025-12-10T08:47:43","slug":"membres-du-cob","status":"publish","type":"page","link":"https:\/\/www.nbi-ngf.ch\/fr\/a-propos-de-nous\/europe\/membres-du-cob\/","title":{"rendered":"Membres du COB"},"content":{"rendered":"\t\t<div data-elementor-type=\"wp-page\" data-elementor-id=\"4362\" class=\"elementor elementor-4362 elementor-1643\" data-elementor-post-type=\"page\">\n\t\t\t\t<div class=\"elementor-element elementor-element-9127068 e-con-full header-container e-flex e-con e-parent\" data-id=\"9127068\" data-element_type=\"container\" data-e-type=\"container\" data-settings=\"{&quot;background_background&quot;:&quot;slideshow&quot;,&quot;background_slideshow_gallery&quot;:[],&quot;background_slideshow_loop&quot;:&quot;yes&quot;,&quot;background_slideshow_slide_duration&quot;:5000,&quot;background_slideshow_slide_transition&quot;:&quot;fade&quot;,&quot;background_slideshow_transition_duration&quot;:500}\">\n\t\t<div class=\"elementor-element elementor-element-b6b9835 e-con-full e-flex e-con e-child\" data-id=\"b6b9835\" data-element_type=\"container\" data-e-type=\"container\" data-settings=\"{&quot;background_background&quot;:&quot;classic&quot;}\">\n\t\t\t\t<\/div>\n\t\t<div class=\"elementor-element elementor-element-e6b0354 e-con-full header-text e-flex e-con e-child\" data-id=\"e6b0354\" data-element_type=\"container\" data-e-type=\"container\" data-settings=\"{&quot;background_background&quot;:&quot;classic&quot;}\">\n\t\t\t\t<div class=\"elementor-element elementor-element-be394aa elementor-align-left elementor-widget elementor-widget-breadcrumbs\" data-id=\"be394aa\" data-element_type=\"widget\" data-e-type=\"widget\" data-widget_type=\"breadcrumbs.default\">\n\t\t\t\t<div class=\"elementor-widget-container\">\n\t\t\t\t\t<p id=\"breadcrumbs\"><span><span class=\"breadcrumb-item\">Home<\/span><\/span><\/p>\t\t\t\t<\/div>\n\t\t\t\t<\/div>\n\t\t\t\t<div class=\"elementor-element elementor-element-2c91cc3 elementor-widget__width-initial elementor-widget elementor-widget-heading\" data-id=\"2c91cc3\" data-element_type=\"widget\" data-e-type=\"widget\" data-widget_type=\"heading.default\">\n\t\t\t\t<div class=\"elementor-widget-container\">\n\t\t\t\t\t<h1 class=\"elementor-heading-title elementor-size-default\">Membres du COB<\/h1>\t\t\t\t<\/div>\n\t\t\t\t<\/div>\n\t\t\t\t<\/div>\n\t\t\t\t<\/div>\n\t\t<div class=\"elementor-element elementor-element-98a6d41 anchor-menu e-flex e-con-boxed e-con e-parent\" data-id=\"98a6d41\" data-element_type=\"container\" data-e-type=\"container\" data-settings=\"{&quot;background_background&quot;:&quot;classic&quot;,&quot;sticky&quot;:&quot;top&quot;,&quot;sticky_on&quot;:[&quot;desktop&quot;,&quot;tablet&quot;],&quot;sticky_offset&quot;:90,&quot;sticky_effects_offset&quot;:0,&quot;sticky_anchor_link_offset&quot;:0}\">\n\t\t\t\t\t<div class=\"e-con-inner\">\n\t\t\t\t<div class=\"elementor-element elementor-element-27a06c7 elementor-widget elementor-widget-button\" data-id=\"27a06c7\" data-element_type=\"widget\" data-e-type=\"widget\" data-widget_type=\"button.default\">\n\t\t\t\t<div class=\"elementor-widget-container\">\n\t\t\t\t\t\t\t\t\t<div class=\"elementor-button-wrapper\">\n\t\t\t\t\t<a class=\"elementor-button elementor-button-link elementor-size-sm\" href=\"#membres\">\n\t\t\t\t\t\t<span class=\"elementor-button-content-wrapper\">\n\t\t\t\t\t\t\t\t\t<span class=\"elementor-button-text\">Membres COB<\/span>\n\t\t\t\t\t<\/span>\n\t\t\t\t\t<\/a>\n\t\t\t\t<\/div>\n\t\t\t\t\t\t\t\t<\/div>\n\t\t\t\t<\/div>\n\t\t\t\t\t<\/div>\n\t\t\t\t<\/div>\n\t\t<div class=\"elementor-element elementor-element-2c7861cd e-flex e-con-boxed e-con e-parent\" data-id=\"2c7861cd\" data-element_type=\"container\" data-e-type=\"container\">\n\t\t\t\t\t<div class=\"e-con-inner\">\n\t\t\t\t<div class=\"elementor-element elementor-element-1c4f06d1 elementor-widget elementor-widget-spacer\" data-id=\"1c4f06d1\" data-element_type=\"widget\" data-e-type=\"widget\" data-widget_type=\"spacer.default\">\n\t\t\t\t<div class=\"elementor-widget-container\">\n\t\t\t\t\t\t\t<div class=\"elementor-spacer\">\n\t\t\t<div class=\"elementor-spacer-inner\"><\/div>\n\t\t<\/div>\n\t\t\t\t\t\t<\/div>\n\t\t\t\t<\/div>\n\t\t\t\t\t<\/div>\n\t\t\t\t<\/div>\n\t\t<div class=\"elementor-element elementor-element-30b714c e-flex e-con-boxed e-con e-parent\" data-id=\"30b714c\" data-element_type=\"container\" data-e-type=\"container\" id=\"membres\">\n\t\t\t\t\t<div class=\"e-con-inner\">\n\t\t<div class=\"elementor-element elementor-element-8ffb532 e-con-full e-flex e-con e-child\" data-id=\"8ffb532\" data-element_type=\"container\" data-e-type=\"container\">\n\t\t\t\t<div class=\"elementor-element elementor-element-995b718 elementor-widget elementor-widget-heading\" data-id=\"995b718\" data-element_type=\"widget\" data-e-type=\"widget\" data-widget_type=\"heading.default\">\n\t\t\t\t<div class=\"elementor-widget-container\">\n\t\t\t\t\t<h3 class=\"elementor-heading-title elementor-size-default\">Membres COB<\/h3>\t\t\t\t<\/div>\n\t\t\t\t<\/div>\n\t\t\t\t<div class=\"elementor-element elementor-element-02d87c3 elementor-widget-divider--view-line elementor-widget elementor-widget-divider\" data-id=\"02d87c3\" data-element_type=\"widget\" data-e-type=\"widget\" data-widget_type=\"divider.default\">\n\t\t\t\t<div class=\"elementor-widget-container\">\n\t\t\t\t\t\t\t<div class=\"elementor-divider\">\n\t\t\t<span class=\"elementor-divider-separator\">\n\t\t\t\t\t\t<\/span>\n\t\t<\/div>\n\t\t\t\t\t\t<\/div>\n\t\t\t\t<\/div>\n\t\t\t\t<div class=\"elementor-element elementor-element-b8ddb2c elementor-widget elementor-widget-text-editor\" data-id=\"b8ddb2c\" data-element_type=\"widget\" data-e-type=\"widget\" data-widget_type=\"text-editor.default\">\n\t\t\t\t<div class=\"elementor-widget-container\">\n\t\t\t\t\t\t\t\t\t<p>Hier k\u00f6nnen Sie detaillierte Informationen zu den nationalen Versicherungsb\u00fcros der Mitglieder des Council of Bureaux (COB) herunterladen.<\/p>\t\t\t\t\t\t\t\t<\/div>\n\t\t\t\t<\/div>\n\t\t\t\t<\/div>\n\t\t<div class=\"elementor-element elementor-element-6e9178a e-con-full e-flex e-con e-child\" data-id=\"6e9178a\" data-element_type=\"container\" data-e-type=\"container\">\n\t\t\t\t<\/div>\n\t\t\t\t\t<\/div>\n\t\t\t\t<\/div>\n\t\t<div class=\"elementor-element elementor-element-c674e44 e-flex e-con-boxed e-con e-parent\" data-id=\"c674e44\" data-element_type=\"container\" data-e-type=\"container\">\n\t\t\t\t\t<div class=\"e-con-inner\">\n\t\t\t\t<div class=\"elementor-element elementor-element-76e4bde elementor-widget elementor-widget-shortcode\" data-id=\"76e4bde\" data-element_type=\"widget\" data-e-type=\"widget\" data-widget_type=\"shortcode.default\">\n\t\t\t\t<div class=\"elementor-widget-container\">\n\t\t\t\t\t\t\t<div class=\"elementor-shortcode\"><div id=\"bueroadressen-root\"\r\n     data-lang=\"fr\"\r\n     data-current-url=\"https:\/\/www.nbi-ngf.ch\/fr\/wp-json\/wp\/v2\/pages\/4362\">\r\n<\/div>\r\n<\/div>\n\t\t\t\t\t\t<\/div>\n\t\t\t\t<\/div>\n\t\t\t\t<div class=\"elementor-element elementor-element-3d55bd1 elementor-widget elementor-widget-spacer\" data-id=\"3d55bd1\" data-element_type=\"widget\" data-e-type=\"widget\" data-widget_type=\"spacer.default\">\n\t\t\t\t<div class=\"elementor-widget-container\">\n\t\t\t\t\t\t\t<div class=\"elementor-spacer\">\n\t\t\t<div class=\"elementor-spacer-inner\"><\/div>\n\t\t<\/div>\n\t\t\t\t\t\t<\/div>\n\t\t\t\t<\/div>\n\t\t\t\t\t<\/div>\n\t\t\t\t<\/div>\n\t\t\t\t<\/div>\n\t\t","protected":false},"excerpt":{"rendered":"<p>Membres COB Membres COB Hier k\u00f6nnen Sie detaillierte Informationen zu den nationalen Versicherungsb\u00fcros der Mitglieder des Council of Bureaux (COB) herunterladen.<\/p>\n","protected":false},"author":1,"featured_media":0,"parent":3134,"menu_order":0,"comment_status":"closed","ping_status":"closed","template":"","meta":{"_acf_changed":false,"footnotes":""},"class_list":["post-4362","page","type-page","status-publish","hentry"],"acf":[],"yoast_head":"<!-- This site is optimized with the Yoast SEO plugin v27.3 - https:\/\/yoast.com\/product\/yoast-seo-wordpress\/ -->\n<title>Membres du COB - Nationales Versicherungsb\u00fcro | Nationaler Garantiefonds<\/title>\n<meta name=\"robots\" content=\"index, follow, max-snippet:-1, max-image-preview:large, max-video-preview:-1\" \/>\n<link rel=\"canonical\" href=\"https:\/\/www.nbi-ngf.ch\/fr\/a-propos-de-nous\/europe\/membres-du-cob\/\" \/>\n<meta property=\"og:locale\" content=\"fr_FR\" \/>\n<meta property=\"og:type\" content=\"article\" \/>\n<meta property=\"og:title\" content=\"Membres du COB - Nationales Versicherungsb\u00fcro | Nationaler Garantiefonds\" \/>\n<meta property=\"og:description\" content=\"Membres COB Membres COB Hier k\u00f6nnen Sie detaillierte Informationen zu den nationalen Versicherungsb\u00fcros der Mitglieder des Council of Bureaux (COB) herunterladen.\" \/>\n<meta property=\"og:url\" content=\"https:\/\/www.nbi-ngf.ch\/fr\/a-propos-de-nous\/europe\/membres-du-cob\/\" \/>\n<meta property=\"og:site_name\" content=\"Nationales Versicherungsb\u00fcro | Nationaler Garantiefonds\" \/>\n<meta property=\"article:modified_time\" content=\"2025-12-10T08:47:43+00:00\" \/>\n<meta name=\"twitter:card\" content=\"summary_large_image\" \/>\n<meta name=\"twitter:label1\" content=\"Dur\u00e9e de lecture estim\u00e9e\" \/>\n\t<meta name=\"twitter:data1\" content=\"1 minute\" \/>\n<script type=\"application\/ld+json\" class=\"yoast-schema-graph\">{\"@context\":\"https:\\\/\\\/schema.org\",\"@graph\":[{\"@type\":\"WebPage\",\"@id\":\"https:\\\/\\\/www.nbi-ngf.ch\\\/fr\\\/a-propos-de-nous\\\/europe\\\/membres-du-cob\\\/\",\"url\":\"https:\\\/\\\/www.nbi-ngf.ch\\\/fr\\\/a-propos-de-nous\\\/europe\\\/membres-du-cob\\\/\",\"name\":\"Membres du COB - Nationales Versicherungsb\u00fcro | Nationaler Garantiefonds\",\"isPartOf\":{\"@id\":\"https:\\\/\\\/www.nbi-ngf.ch\\\/fr\\\/#website\"},\"datePublished\":\"2025-07-21T05:21:17+00:00\",\"dateModified\":\"2025-12-10T08:47:43+00:00\",\"breadcrumb\":{\"@id\":\"https:\\\/\\\/www.nbi-ngf.ch\\\/fr\\\/a-propos-de-nous\\\/europe\\\/membres-du-cob\\\/#breadcrumb\"},\"inLanguage\":\"fr-FR\",\"potentialAction\":[{\"@type\":\"ReadAction\",\"target\":[\"https:\\\/\\\/www.nbi-ngf.ch\\\/fr\\\/a-propos-de-nous\\\/europe\\\/membres-du-cob\\\/\"]}]},{\"@type\":\"BreadcrumbList\",\"@id\":\"https:\\\/\\\/www.nbi-ngf.ch\\\/fr\\\/a-propos-de-nous\\\/europe\\\/membres-du-cob\\\/#breadcrumb\",\"itemListElement\":[{\"@type\":\"ListItem\",\"position\":1,\"name\":\"Home\",\"item\":\"https:\\\/\\\/www.nbi-ngf.ch\\\/fr\\\/\"},{\"@type\":\"ListItem\",\"position\":2,\"name\":\"\u00c0 propos de nous\",\"item\":\"https:\\\/\\\/www.nbi-ngf.ch\\\/fr\\\/a-propos-de-nous\\\/\"},{\"@type\":\"ListItem\",\"position\":3,\"name\":\"Europe\",\"item\":\"https:\\\/\\\/www.nbi-ngf.ch\\\/fr\\\/a-propos-de-nous\\\/europe\\\/\"},{\"@type\":\"ListItem\",\"position\":4,\"name\":\"Membres du COB\"}]},{\"@type\":\"WebSite\",\"@id\":\"https:\\\/\\\/www.nbi-ngf.ch\\\/fr\\\/#website\",\"url\":\"https:\\\/\\\/www.nbi-ngf.ch\\\/fr\\\/\",\"name\":\"Nationales Versicherungsb\u00fcro | Nationaler Garantiefonds\",\"description\":\"Schweiz\",\"publisher\":{\"@id\":\"https:\\\/\\\/www.nbi-ngf.ch\\\/fr\\\/#organization\"},\"potentialAction\":[{\"@type\":\"SearchAction\",\"target\":{\"@type\":\"EntryPoint\",\"urlTemplate\":\"https:\\\/\\\/www.nbi-ngf.ch\\\/fr\\\/?s={search_term_string}\"},\"query-input\":{\"@type\":\"PropertyValueSpecification\",\"valueRequired\":true,\"valueName\":\"search_term_string\"}}],\"inLanguage\":\"fr-FR\"},{\"@type\":\"Organization\",\"@id\":\"https:\\\/\\\/www.nbi-ngf.ch\\\/fr\\\/#organization\",\"name\":\"Nationales Versicherungsb\u00fcro | Nationaler Garantiefonds\",\"url\":\"https:\\\/\\\/www.nbi-ngf.ch\\\/fr\\\/\",\"logo\":{\"@type\":\"ImageObject\",\"inLanguage\":\"fr-FR\",\"@id\":\"https:\\\/\\\/www.nbi-ngf.ch\\\/fr\\\/#\\\/schema\\\/logo\\\/image\\\/\",\"url\":\"https:\\\/\\\/www.nbi-ngf.ch\\\/wp-content\\\/uploads\\\/2025\\\/04\\\/Logo-Nbi-Ngf.svg\",\"contentUrl\":\"https:\\\/\\\/www.nbi-ngf.ch\\\/wp-content\\\/uploads\\\/2025\\\/04\\\/Logo-Nbi-Ngf.svg\",\"caption\":\"Nationales Versicherungsb\u00fcro | Nationaler Garantiefonds\"},\"image\":{\"@id\":\"https:\\\/\\\/www.nbi-ngf.ch\\\/fr\\\/#\\\/schema\\\/logo\\\/image\\\/\"}}]}<\/script>\n<!-- \/ Yoast SEO plugin. -->","yoast_head_json":{"title":"Membres du COB - Nationales Versicherungsb\u00fcro | Nationaler Garantiefonds","robots":{"index":"index","follow":"follow","max-snippet":"max-snippet:-1","max-image-preview":"max-image-preview:large","max-video-preview":"max-video-preview:-1"},"canonical":"https:\/\/www.nbi-ngf.ch\/fr\/a-propos-de-nous\/europe\/membres-du-cob\/","og_locale":"fr_FR","og_type":"article","og_title":"Membres du COB - Nationales Versicherungsb\u00fcro | Nationaler Garantiefonds","og_description":"Membres COB Membres COB Hier k\u00f6nnen Sie detaillierte Informationen zu den nationalen Versicherungsb\u00fcros der Mitglieder des Council of Bureaux (COB) herunterladen.","og_url":"https:\/\/www.nbi-ngf.ch\/fr\/a-propos-de-nous\/europe\/membres-du-cob\/","og_site_name":"Nationales Versicherungsb\u00fcro | Nationaler Garantiefonds","article_modified_time":"2025-12-10T08:47:43+00:00","twitter_card":"summary_large_image","twitter_misc":{"Dur\u00e9e de lecture estim\u00e9e":"1 minute"},"schema":{"@context":"https:\/\/schema.org","@graph":[{"@type":"WebPage","@id":"https:\/\/www.nbi-ngf.ch\/fr\/a-propos-de-nous\/europe\/membres-du-cob\/","url":"https:\/\/www.nbi-ngf.ch\/fr\/a-propos-de-nous\/europe\/membres-du-cob\/","name":"Membres du COB - Nationales Versicherungsb\u00fcro | Nationaler Garantiefonds","isPartOf":{"@id":"https:\/\/www.nbi-ngf.ch\/fr\/#website"},"datePublished":"2025-07-21T05:21:17+00:00","dateModified":"2025-12-10T08:47:43+00:00","breadcrumb":{"@id":"https:\/\/www.nbi-ngf.ch\/fr\/a-propos-de-nous\/europe\/membres-du-cob\/#breadcrumb"},"inLanguage":"fr-FR","potentialAction":[{"@type":"ReadAction","target":["https:\/\/www.nbi-ngf.ch\/fr\/a-propos-de-nous\/europe\/membres-du-cob\/"]}]},{"@type":"BreadcrumbList","@id":"https:\/\/www.nbi-ngf.ch\/fr\/a-propos-de-nous\/europe\/membres-du-cob\/#breadcrumb","itemListElement":[{"@type":"ListItem","position":1,"name":"Home","item":"https:\/\/www.nbi-ngf.ch\/fr\/"},{"@type":"ListItem","position":2,"name":"\u00c0 propos de nous","item":"https:\/\/www.nbi-ngf.ch\/fr\/a-propos-de-nous\/"},{"@type":"ListItem","position":3,"name":"Europe","item":"https:\/\/www.nbi-ngf.ch\/fr\/a-propos-de-nous\/europe\/"},{"@type":"ListItem","position":4,"name":"Membres du COB"}]},{"@type":"WebSite","@id":"https:\/\/www.nbi-ngf.ch\/fr\/#website","url":"https:\/\/www.nbi-ngf.ch\/fr\/","name":"Nationales Versicherungsb\u00fcro | Nationaler Garantiefonds","description":"Schweiz","publisher":{"@id":"https:\/\/www.nbi-ngf.ch\/fr\/#organization"},"potentialAction":[{"@type":"SearchAction","target":{"@type":"EntryPoint","urlTemplate":"https:\/\/www.nbi-ngf.ch\/fr\/?s={search_term_string}"},"query-input":{"@type":"PropertyValueSpecification","valueRequired":true,"valueName":"search_term_string"}}],"inLanguage":"fr-FR"},{"@type":"Organization","@id":"https:\/\/www.nbi-ngf.ch\/fr\/#organization","name":"Nationales Versicherungsb\u00fcro | Nationaler Garantiefonds","url":"https:\/\/www.nbi-ngf.ch\/fr\/","logo":{"@type":"ImageObject","inLanguage":"fr-FR","@id":"https:\/\/www.nbi-ngf.ch\/fr\/#\/schema\/logo\/image\/","url":"https:\/\/www.nbi-ngf.ch\/wp-content\/uploads\/2025\/04\/Logo-Nbi-Ngf.svg","contentUrl":"https:\/\/www.nbi-ngf.ch\/wp-content\/uploads\/2025\/04\/Logo-Nbi-Ngf.svg","caption":"Nationales Versicherungsb\u00fcro | Nationaler Garantiefonds"},"image":{"@id":"https:\/\/www.nbi-ngf.ch\/fr\/#\/schema\/logo\/image\/"}}]}},"_links":{"self":[{"href":"https:\/\/www.nbi-ngf.ch\/fr\/wp-json\/wp\/v2\/pages\/4362","targetHints":{"allow":["GET"]}}],"collection":[{"href":"https:\/\/www.nbi-ngf.ch\/fr\/wp-json\/wp\/v2\/pages"}],"about":[{"href":"https:\/\/www.nbi-ngf.ch\/fr\/wp-json\/wp\/v2\/types\/page"}],"author":[{"embeddable":true,"href":"https:\/\/www.nbi-ngf.ch\/fr\/wp-json\/wp\/v2\/users\/1"}],"replies":[{"embeddable":true,"href":"https:\/\/www.nbi-ngf.ch\/fr\/wp-json\/wp\/v2\/comments?post=4362"}],"version-history":[{"count":13,"href":"https:\/\/www.nbi-ngf.ch\/fr\/wp-json\/wp\/v2\/pages\/4362\/revisions"}],"predecessor-version":[{"id":7666,"href":"https:\/\/www.nbi-ngf.ch\/fr\/wp-json\/wp\/v2\/pages\/4362\/revisions\/7666"}],"up":[{"embeddable":true,"href":"https:\/\/www.nbi-ngf.ch\/fr\/wp-json\/wp\/v2\/pages\/3134"}],"wp:attachment":[{"href":"https:\/\/www.nbi-ngf.ch\/fr\/wp-json\/wp\/v2\/media?parent=4362"}],"curies":[{"name":"wp","href":"https:\/\/api.w.org\/{rel}","templated":true}]}}