{"id":3245,"date":"2025-06-16T14:56:05","date_gmt":"2025-06-16T12:56:05","guid":{"rendered":"https:\/\/www.nbi-ngf.ch\/?page_id=3245"},"modified":"2025-12-10T09:48:36","modified_gmt":"2025-12-10T08:48:36","slug":"the-charter","status":"publish","type":"page","link":"https:\/\/www.nbi-ngf.ch\/fr\/a-propos-de-nous\/europe\/the-charter\/","title":{"rendered":"The Charter"},"content":{"rendered":"\t\t<div data-elementor-type=\"wp-page\" data-elementor-id=\"3245\" class=\"elementor elementor-3245 elementor-693\" data-elementor-post-type=\"page\">\n\t\t\t\t<div class=\"elementor-element elementor-element-9127068 e-con-full header-container e-flex e-con e-parent\" data-id=\"9127068\" data-element_type=\"container\" data-e-type=\"container\" data-settings=\"{&quot;background_background&quot;:&quot;slideshow&quot;,&quot;background_slideshow_gallery&quot;:[],&quot;background_slideshow_loop&quot;:&quot;yes&quot;,&quot;background_slideshow_slide_duration&quot;:5000,&quot;background_slideshow_slide_transition&quot;:&quot;fade&quot;,&quot;background_slideshow_transition_duration&quot;:500}\">\n\t\t<div class=\"elementor-element elementor-element-b6b9835 e-con-full e-flex e-con e-child\" data-id=\"b6b9835\" data-element_type=\"container\" data-e-type=\"container\" data-settings=\"{&quot;background_background&quot;:&quot;classic&quot;}\">\n\t\t\t\t<\/div>\n\t\t<div class=\"elementor-element elementor-element-e6b0354 e-con-full header-text e-flex e-con e-child\" data-id=\"e6b0354\" data-element_type=\"container\" data-e-type=\"container\" data-settings=\"{&quot;background_background&quot;:&quot;classic&quot;}\">\n\t\t\t\t<div class=\"elementor-element elementor-element-be394aa elementor-align-left elementor-widget elementor-widget-breadcrumbs\" data-id=\"be394aa\" data-element_type=\"widget\" data-e-type=\"widget\" data-widget_type=\"breadcrumbs.default\">\n\t\t\t\t<div class=\"elementor-widget-container\">\n\t\t\t\t\t<p id=\"breadcrumbs\"><span><span class=\"breadcrumb-item\">Home<\/span><\/span><\/p>\t\t\t\t<\/div>\n\t\t\t\t<\/div>\n\t\t\t\t<div class=\"elementor-element elementor-element-2c91cc3 elementor-widget__width-initial elementor-widget elementor-widget-heading\" data-id=\"2c91cc3\" data-element_type=\"widget\" data-e-type=\"widget\" data-widget_type=\"heading.default\">\n\t\t\t\t<div class=\"elementor-widget-container\">\n\t\t\t\t\t<h1 class=\"elementor-heading-title elementor-size-default\">The Charter<\/h1>\t\t\t\t<\/div>\n\t\t\t\t<\/div>\n\t\t\t\t<\/div>\n\t\t\t\t<\/div>\n\t\t<div class=\"elementor-element elementor-element-2c7861cd e-flex e-con-boxed e-con e-parent\" data-id=\"2c7861cd\" data-element_type=\"container\" data-e-type=\"container\">\n\t\t\t\t\t<div class=\"e-con-inner\">\n\t\t\t\t<div class=\"elementor-element elementor-element-1c4f06d1 elementor-widget elementor-widget-spacer\" data-id=\"1c4f06d1\" data-element_type=\"widget\" data-e-type=\"widget\" data-widget_type=\"spacer.default\">\n\t\t\t\t<div class=\"elementor-widget-container\">\n\t\t\t\t\t\t\t<div class=\"elementor-spacer\">\n\t\t\t<div class=\"elementor-spacer-inner\"><\/div>\n\t\t<\/div>\n\t\t\t\t\t\t<\/div>\n\t\t\t\t<\/div>\n\t\t\t\t\t<\/div>\n\t\t\t\t<\/div>\n\t\t<div class=\"elementor-element elementor-element-30b714c e-flex e-con-boxed e-con e-parent\" data-id=\"30b714c\" data-element_type=\"container\" data-e-type=\"container\" id=\"dachverband\">\n\t\t\t\t\t<div class=\"e-con-inner\">\n\t\t<div class=\"elementor-element elementor-element-8ffb532 e-con-full e-flex e-con e-child\" data-id=\"8ffb532\" data-element_type=\"container\" data-e-type=\"container\">\n\t\t\t\t<div class=\"elementor-element elementor-element-995b718 elementor-widget elementor-widget-heading\" data-id=\"995b718\" data-element_type=\"widget\" data-e-type=\"widget\" data-widget_type=\"heading.default\">\n\t\t\t\t<div class=\"elementor-widget-container\">\n\t\t\t\t\t<h3 class=\"elementor-heading-title elementor-size-default\">The Charter<\/h3>\t\t\t\t<\/div>\n\t\t\t\t<\/div>\n\t\t\t\t<div class=\"elementor-element elementor-element-02d87c3 elementor-widget-divider--view-line elementor-widget elementor-widget-divider\" data-id=\"02d87c3\" data-element_type=\"widget\" data-e-type=\"widget\" data-widget_type=\"divider.default\">\n\t\t\t\t<div class=\"elementor-widget-container\">\n\t\t\t\t\t\t\t<div class=\"elementor-divider\">\n\t\t\t<span class=\"elementor-divider-separator\">\n\t\t\t\t\t\t<\/span>\n\t\t<\/div>\n\t\t\t\t\t\t<\/div>\n\t\t\t\t<\/div>\n\t\t\t\t<div class=\"elementor-element elementor-element-b8ddb2c elementor-widget elementor-widget-text-editor\" data-id=\"b8ddb2c\" data-element_type=\"widget\" data-e-type=\"widget\" data-widget_type=\"text-editor.default\">\n\t\t\t\t<div class=\"elementor-widget-container\">\n\t\t\t\t\t\t\t\t\t<p>La Charte des droits des victimes de la route\u00a0a \u00e9t\u00e9 cr\u00e9\u00e9e en 2021 \u00e0 l&rsquo;initiative de la Commission \u00c9conomique des Nations Unies pour l&rsquo;Europe (CEE-ONU), de l&rsquo;Institut du droit europ\u00e9en des transports (IETL) et du Conseil des Bureaux (COB). Elle d\u00e9finit des normes pour les r\u00e8gles europ\u00e9ennes en mati\u00e8re de responsabilit\u00e9 civile et d&rsquo;indemnisation et rev\u00eat la signification d&rsquo;un code de conduite \u00e9thique dans le traitement des sinistres nationaux et internationaux. Les principes \u00e9nonc\u00e9s dans la charte sont ancr\u00e9s dans la l\u00e9gislation suisse actuelle.<\/p><p>Le\u00a0<strong>Dr Martin Metzler<\/strong>, cofondateur et ancien pr\u00e9sident du BNA &amp; FNG et ancien vice-pr\u00e9sident de l&rsquo;Institut du droit europ\u00e9en des transports (IETL), a \u00e9t\u00e9 l&rsquo;un des principaux initiateurs de la Charte des droits des victimes de la route. Le \u00ab\u00a0p\u00e8re de l&rsquo;id\u00e9e\u00a0\u00bb de la Charte r\u00e9pond dans l&rsquo;interview suivante aux principales questions concernant le code de conduite \u00e9labor\u00e9.<\/p>\t\t\t\t\t\t\t\t<\/div>\n\t\t\t\t<\/div>\n\t\t\t\t<div class=\"elementor-element elementor-element-d74afd4 btn_60 elementor-widget elementor-widget-button\" data-id=\"d74afd4\" data-element_type=\"widget\" data-e-type=\"widget\" data-widget_type=\"button.default\">\n\t\t\t\t<div class=\"elementor-widget-container\">\n\t\t\t\t\t\t\t\t\t<div class=\"elementor-button-wrapper\">\n\t\t\t\t\t<a class=\"elementor-button elementor-button-link elementor-size-sm\" href=\"https:\/\/www.crtvr.org\/watch-qa-with-martin-metzler\/\" target=\"_blank\">\n\t\t\t\t\t\t<span class=\"elementor-button-content-wrapper\">\n\t\t\t\t\t\t<span class=\"elementor-button-icon\">\n\t\t\t\t<svg aria-hidden=\"true\" class=\"e-font-icon-svg e-fas-arrow-right\" viewBox=\"0 0 448 512\" xmlns=\"http:\/\/www.w3.org\/2000\/svg\"><path d=\"M190.5 66.9l22.2-22.2c9.4-9.4 24.6-9.4 33.9 0L441 239c9.4 9.4 9.4 24.6 0 33.9L246.6 467.3c-9.4 9.4-24.6 9.4-33.9 0l-22.2-22.2c-9.5-9.5-9.3-25 .4-34.3L311.4 296H24c-13.3 0-24-10.7-24-24v-32c0-13.3 10.7-24 24-24h287.4L190.9 101.2c-9.8-9.3-10-24.8-.4-34.3z\"><\/path><\/svg>\t\t\t<\/span>\n\t\t\t\t\t\t\t\t\t<span class=\"elementor-button-text\">Interview Dr. Martin Metzler<\/span>\n\t\t\t\t\t<\/span>\n\t\t\t\t\t<\/a>\n\t\t\t\t<\/div>\n\t\t\t\t\t\t\t\t<\/div>\n\t\t\t\t<\/div>\n\t\t\t\t<div class=\"elementor-element elementor-element-a2d801f elementor-widget elementor-widget-text-editor\" data-id=\"a2d801f\" data-element_type=\"widget\" data-e-type=\"widget\" data-widget_type=\"text-editor.default\">\n\t\t\t\t<div class=\"elementor-widget-container\">\n\t\t\t\t\t\t\t\t\t<p>Pour atteindre l&rsquo;objectif d&rsquo;un impact positif \u00e0 long terme sur les victimes d&rsquo;accidents de la route, la Charte doit \u00eatre respect\u00e9e et soutenue par les compagnies d&rsquo;assurance, les gestionnaires de sinistres et les pays membres du\u00a0COB, et son contenu et son intention doivent \u00eatre communiqu\u00e9s au public. Le BNA et le FNG soutiennent ce projet dans tous ses aspects.<\/p>\t\t\t\t\t\t\t\t<\/div>\n\t\t\t\t<\/div>\n\t\t\t\t<div class=\"elementor-element elementor-element-e6e31cf btn_60 elementor-widget elementor-widget-button\" data-id=\"e6e31cf\" data-element_type=\"widget\" data-e-type=\"widget\" data-widget_type=\"button.default\">\n\t\t\t\t<div class=\"elementor-widget-container\">\n\t\t\t\t\t\t\t\t\t<div class=\"elementor-button-wrapper\">\n\t\t\t\t\t<a class=\"elementor-button elementor-button-link elementor-size-sm\" href=\"https:\/\/www.crtvr.org\/\" target=\"_blank\">\n\t\t\t\t\t\t<span class=\"elementor-button-content-wrapper\">\n\t\t\t\t\t\t<span class=\"elementor-button-icon\">\n\t\t\t\t<svg aria-hidden=\"true\" class=\"e-font-icon-svg e-fas-arrow-right\" viewBox=\"0 0 448 512\" xmlns=\"http:\/\/www.w3.org\/2000\/svg\"><path d=\"M190.5 66.9l22.2-22.2c9.4-9.4 24.6-9.4 33.9 0L441 239c9.4 9.4 9.4 24.6 0 33.9L246.6 467.3c-9.4 9.4-24.6 9.4-33.9 0l-22.2-22.2c-9.5-9.5-9.3-25 .4-34.3L311.4 296H24c-13.3 0-24-10.7-24-24v-32c0-13.3 10.7-24 24-24h287.4L190.9 101.2c-9.8-9.3-10-24.8-.4-34.3z\"><\/path><\/svg>\t\t\t<\/span>\n\t\t\t\t\t\t\t\t\t<span class=\"elementor-button-text\">The Charter of Road Traffic Victims' Rights - Homepage<\/span>\n\t\t\t\t\t<\/span>\n\t\t\t\t\t<\/a>\n\t\t\t\t<\/div>\n\t\t\t\t\t\t\t\t<\/div>\n\t\t\t\t<\/div>\n\t\t\t\t<div class=\"elementor-element elementor-element-2145c25 btn_60 elementor-widget elementor-widget-button\" data-id=\"2145c25\" data-element_type=\"widget\" data-e-type=\"widget\" data-widget_type=\"button.default\">\n\t\t\t\t<div class=\"elementor-widget-container\">\n\t\t\t\t\t\t\t\t\t<div class=\"elementor-button-wrapper\">\n\t\t\t\t\t<a class=\"elementor-button elementor-button-link elementor-size-sm\" href=\"https:\/\/www.crtvr.org\/the-charter\/\" target=\"_blank\">\n\t\t\t\t\t\t<span class=\"elementor-button-content-wrapper\">\n\t\t\t\t\t\t<span class=\"elementor-button-icon\">\n\t\t\t\t<svg aria-hidden=\"true\" class=\"e-font-icon-svg e-fas-arrow-right\" viewBox=\"0 0 448 512\" xmlns=\"http:\/\/www.w3.org\/2000\/svg\"><path d=\"M190.5 66.9l22.2-22.2c9.4-9.4 24.6-9.4 33.9 0L441 239c9.4 9.4 9.4 24.6 0 33.9L246.6 467.3c-9.4 9.4-24.6 9.4-33.9 0l-22.2-22.2c-9.5-9.5-9.3-25 .4-34.3L311.4 296H24c-13.3 0-24-10.7-24-24v-32c0-13.3 10.7-24 24-24h287.4L190.9 101.2c-9.8-9.3-10-24.8-.4-34.3z\"><\/path><\/svg>\t\t\t<\/span>\n\t\t\t\t\t\t\t\t\t<span class=\"elementor-button-text\">The Charter of Road Traffic Victims' Rights - Download<\/span>\n\t\t\t\t\t<\/span>\n\t\t\t\t\t<\/a>\n\t\t\t\t<\/div>\n\t\t\t\t\t\t\t\t<\/div>\n\t\t\t\t<\/div>\n\t\t\t\t<\/div>\n\t\t<div class=\"elementor-element elementor-element-6e9178a e-con-full e-flex e-con e-child\" data-id=\"6e9178a\" data-element_type=\"container\" data-e-type=\"container\">\n\t\t\t\t<\/div>\n\t\t\t\t\t<\/div>\n\t\t\t\t<\/div>\n\t\t<div class=\"elementor-element elementor-element-375a9ca e-flex e-con-boxed e-con e-parent\" data-id=\"375a9ca\" data-element_type=\"container\" data-e-type=\"container\">\n\t\t\t\t\t<div class=\"e-con-inner\">\n\t\t\t\t<div class=\"elementor-element elementor-element-daf75df elementor-widget elementor-widget-spacer\" data-id=\"daf75df\" data-element_type=\"widget\" data-e-type=\"widget\" data-widget_type=\"spacer.default\">\n\t\t\t\t<div class=\"elementor-widget-container\">\n\t\t\t\t\t\t\t<div class=\"elementor-spacer\">\n\t\t\t<div class=\"elementor-spacer-inner\"><\/div>\n\t\t<\/div>\n\t\t\t\t\t\t<\/div>\n\t\t\t\t<\/div>\n\t\t\t\t\t<\/div>\n\t\t\t\t<\/div>\n\t\t\t\t<\/div>\n\t\t","protected":false},"excerpt":{"rendered":"<p>The Charter La Charte des droits des victimes de la route\u00a0a \u00e9t\u00e9 cr\u00e9\u00e9e en 2021 \u00e0 l&rsquo;initiative de la Commission \u00c9conomique des Nations Unies pour l&rsquo;Europe (CEE-ONU), de l&rsquo;Institut du droit europ\u00e9en des transports (IETL) et du Conseil des Bureaux (COB). Elle d\u00e9finit des normes pour les r\u00e8gles europ\u00e9ennes en mati\u00e8re de responsabilit\u00e9 civile et [&hellip;]<\/p>\n","protected":false},"author":1,"featured_media":0,"parent":3134,"menu_order":0,"comment_status":"closed","ping_status":"closed","template":"","meta":{"_acf_changed":false,"footnotes":""},"class_list":["post-3245","page","type-page","status-publish","hentry"],"acf":[],"yoast_head":"<!-- This site is optimized with the Yoast SEO plugin v27.4 - https:\/\/yoast.com\/product\/yoast-seo-wordpress\/ -->\n<title>The Charter - Nationales Versicherungsb\u00fcro | Nationaler Garantiefonds<\/title>\n<meta name=\"robots\" content=\"index, follow, max-snippet:-1, max-image-preview:large, max-video-preview:-1\" \/>\n<link rel=\"canonical\" href=\"https:\/\/www.nbi-ngf.ch\/fr\/a-propos-de-nous\/europe\/the-charter\/\" \/>\n<meta property=\"og:locale\" content=\"fr_FR\" \/>\n<meta property=\"og:type\" content=\"article\" \/>\n<meta property=\"og:title\" content=\"The Charter - Nationales Versicherungsb\u00fcro | Nationaler Garantiefonds\" \/>\n<meta property=\"og:description\" content=\"The Charter La Charte des droits des victimes de la route\u00a0a \u00e9t\u00e9 cr\u00e9\u00e9e en 2021 \u00e0 l&rsquo;initiative de la Commission \u00c9conomique des Nations Unies pour l&rsquo;Europe (CEE-ONU), de l&rsquo;Institut du droit europ\u00e9en des transports (IETL) et du Conseil des Bureaux (COB). Elle d\u00e9finit des normes pour les r\u00e8gles europ\u00e9ennes en mati\u00e8re de responsabilit\u00e9 civile et [&hellip;]\" \/>\n<meta property=\"og:url\" content=\"https:\/\/www.nbi-ngf.ch\/fr\/a-propos-de-nous\/europe\/the-charter\/\" \/>\n<meta property=\"og:site_name\" content=\"Nationales Versicherungsb\u00fcro | Nationaler Garantiefonds\" \/>\n<meta property=\"article:modified_time\" content=\"2025-12-10T08:48:36+00:00\" \/>\n<meta name=\"twitter:card\" content=\"summary_large_image\" \/>\n<meta name=\"twitter:label1\" content=\"Dur\u00e9e de lecture estim\u00e9e\" \/>\n\t<meta name=\"twitter:data1\" content=\"2 minutes\" \/>\n<script type=\"application\/ld+json\" class=\"yoast-schema-graph\">{\"@context\":\"https:\\\/\\\/schema.org\",\"@graph\":[{\"@type\":\"WebPage\",\"@id\":\"https:\\\/\\\/www.nbi-ngf.ch\\\/fr\\\/a-propos-de-nous\\\/europe\\\/the-charter\\\/\",\"url\":\"https:\\\/\\\/www.nbi-ngf.ch\\\/fr\\\/a-propos-de-nous\\\/europe\\\/the-charter\\\/\",\"name\":\"The Charter - Nationales Versicherungsb\u00fcro | Nationaler Garantiefonds\",\"isPartOf\":{\"@id\":\"https:\\\/\\\/www.nbi-ngf.ch\\\/fr\\\/#website\"},\"datePublished\":\"2025-06-16T12:56:05+00:00\",\"dateModified\":\"2025-12-10T08:48:36+00:00\",\"breadcrumb\":{\"@id\":\"https:\\\/\\\/www.nbi-ngf.ch\\\/fr\\\/a-propos-de-nous\\\/europe\\\/the-charter\\\/#breadcrumb\"},\"inLanguage\":\"fr-FR\",\"potentialAction\":[{\"@type\":\"ReadAction\",\"target\":[\"https:\\\/\\\/www.nbi-ngf.ch\\\/fr\\\/a-propos-de-nous\\\/europe\\\/the-charter\\\/\"]}]},{\"@type\":\"BreadcrumbList\",\"@id\":\"https:\\\/\\\/www.nbi-ngf.ch\\\/fr\\\/a-propos-de-nous\\\/europe\\\/the-charter\\\/#breadcrumb\",\"itemListElement\":[{\"@type\":\"ListItem\",\"position\":1,\"name\":\"Home\",\"item\":\"https:\\\/\\\/www.nbi-ngf.ch\\\/fr\\\/\"},{\"@type\":\"ListItem\",\"position\":2,\"name\":\"\u00c0 propos de nous\",\"item\":\"https:\\\/\\\/www.nbi-ngf.ch\\\/fr\\\/a-propos-de-nous\\\/\"},{\"@type\":\"ListItem\",\"position\":3,\"name\":\"Europe\",\"item\":\"https:\\\/\\\/www.nbi-ngf.ch\\\/fr\\\/a-propos-de-nous\\\/europe\\\/\"},{\"@type\":\"ListItem\",\"position\":4,\"name\":\"The Charter\"}]},{\"@type\":\"WebSite\",\"@id\":\"https:\\\/\\\/www.nbi-ngf.ch\\\/fr\\\/#website\",\"url\":\"https:\\\/\\\/www.nbi-ngf.ch\\\/fr\\\/\",\"name\":\"Nationales Versicherungsb\u00fcro | Nationaler Garantiefonds\",\"description\":\"Schweiz\",\"publisher\":{\"@id\":\"https:\\\/\\\/www.nbi-ngf.ch\\\/fr\\\/#organization\"},\"potentialAction\":[{\"@type\":\"SearchAction\",\"target\":{\"@type\":\"EntryPoint\",\"urlTemplate\":\"https:\\\/\\\/www.nbi-ngf.ch\\\/fr\\\/?s={search_term_string}\"},\"query-input\":{\"@type\":\"PropertyValueSpecification\",\"valueRequired\":true,\"valueName\":\"search_term_string\"}}],\"inLanguage\":\"fr-FR\"},{\"@type\":\"Organization\",\"@id\":\"https:\\\/\\\/www.nbi-ngf.ch\\\/fr\\\/#organization\",\"name\":\"Nationales Versicherungsb\u00fcro | Nationaler Garantiefonds\",\"url\":\"https:\\\/\\\/www.nbi-ngf.ch\\\/fr\\\/\",\"logo\":{\"@type\":\"ImageObject\",\"inLanguage\":\"fr-FR\",\"@id\":\"https:\\\/\\\/www.nbi-ngf.ch\\\/fr\\\/#\\\/schema\\\/logo\\\/image\\\/\",\"url\":\"https:\\\/\\\/www.nbi-ngf.ch\\\/wp-content\\\/uploads\\\/2025\\\/04\\\/Logo-Nbi-Ngf.svg\",\"contentUrl\":\"https:\\\/\\\/www.nbi-ngf.ch\\\/wp-content\\\/uploads\\\/2025\\\/04\\\/Logo-Nbi-Ngf.svg\",\"caption\":\"Nationales Versicherungsb\u00fcro | Nationaler Garantiefonds\"},\"image\":{\"@id\":\"https:\\\/\\\/www.nbi-ngf.ch\\\/fr\\\/#\\\/schema\\\/logo\\\/image\\\/\"}}]}<\/script>\n<!-- \/ Yoast SEO plugin. -->","yoast_head_json":{"title":"The Charter - Nationales Versicherungsb\u00fcro | Nationaler Garantiefonds","robots":{"index":"index","follow":"follow","max-snippet":"max-snippet:-1","max-image-preview":"max-image-preview:large","max-video-preview":"max-video-preview:-1"},"canonical":"https:\/\/www.nbi-ngf.ch\/fr\/a-propos-de-nous\/europe\/the-charter\/","og_locale":"fr_FR","og_type":"article","og_title":"The Charter - Nationales Versicherungsb\u00fcro | Nationaler Garantiefonds","og_description":"The Charter La Charte des droits des victimes de la route\u00a0a \u00e9t\u00e9 cr\u00e9\u00e9e en 2021 \u00e0 l&rsquo;initiative de la Commission \u00c9conomique des Nations Unies pour l&rsquo;Europe (CEE-ONU), de l&rsquo;Institut du droit europ\u00e9en des transports (IETL) et du Conseil des Bureaux (COB). Elle d\u00e9finit des normes pour les r\u00e8gles europ\u00e9ennes en mati\u00e8re de responsabilit\u00e9 civile et [&hellip;]","og_url":"https:\/\/www.nbi-ngf.ch\/fr\/a-propos-de-nous\/europe\/the-charter\/","og_site_name":"Nationales Versicherungsb\u00fcro | Nationaler Garantiefonds","article_modified_time":"2025-12-10T08:48:36+00:00","twitter_card":"summary_large_image","twitter_misc":{"Dur\u00e9e de lecture estim\u00e9e":"2 minutes"},"schema":{"@context":"https:\/\/schema.org","@graph":[{"@type":"WebPage","@id":"https:\/\/www.nbi-ngf.ch\/fr\/a-propos-de-nous\/europe\/the-charter\/","url":"https:\/\/www.nbi-ngf.ch\/fr\/a-propos-de-nous\/europe\/the-charter\/","name":"The Charter - Nationales Versicherungsb\u00fcro | Nationaler Garantiefonds","isPartOf":{"@id":"https:\/\/www.nbi-ngf.ch\/fr\/#website"},"datePublished":"2025-06-16T12:56:05+00:00","dateModified":"2025-12-10T08:48:36+00:00","breadcrumb":{"@id":"https:\/\/www.nbi-ngf.ch\/fr\/a-propos-de-nous\/europe\/the-charter\/#breadcrumb"},"inLanguage":"fr-FR","potentialAction":[{"@type":"ReadAction","target":["https:\/\/www.nbi-ngf.ch\/fr\/a-propos-de-nous\/europe\/the-charter\/"]}]},{"@type":"BreadcrumbList","@id":"https:\/\/www.nbi-ngf.ch\/fr\/a-propos-de-nous\/europe\/the-charter\/#breadcrumb","itemListElement":[{"@type":"ListItem","position":1,"name":"Home","item":"https:\/\/www.nbi-ngf.ch\/fr\/"},{"@type":"ListItem","position":2,"name":"\u00c0 propos de nous","item":"https:\/\/www.nbi-ngf.ch\/fr\/a-propos-de-nous\/"},{"@type":"ListItem","position":3,"name":"Europe","item":"https:\/\/www.nbi-ngf.ch\/fr\/a-propos-de-nous\/europe\/"},{"@type":"ListItem","position":4,"name":"The Charter"}]},{"@type":"WebSite","@id":"https:\/\/www.nbi-ngf.ch\/fr\/#website","url":"https:\/\/www.nbi-ngf.ch\/fr\/","name":"Nationales Versicherungsb\u00fcro | Nationaler Garantiefonds","description":"Schweiz","publisher":{"@id":"https:\/\/www.nbi-ngf.ch\/fr\/#organization"},"potentialAction":[{"@type":"SearchAction","target":{"@type":"EntryPoint","urlTemplate":"https:\/\/www.nbi-ngf.ch\/fr\/?s={search_term_string}"},"query-input":{"@type":"PropertyValueSpecification","valueRequired":true,"valueName":"search_term_string"}}],"inLanguage":"fr-FR"},{"@type":"Organization","@id":"https:\/\/www.nbi-ngf.ch\/fr\/#organization","name":"Nationales Versicherungsb\u00fcro | Nationaler Garantiefonds","url":"https:\/\/www.nbi-ngf.ch\/fr\/","logo":{"@type":"ImageObject","inLanguage":"fr-FR","@id":"https:\/\/www.nbi-ngf.ch\/fr\/#\/schema\/logo\/image\/","url":"https:\/\/www.nbi-ngf.ch\/wp-content\/uploads\/2025\/04\/Logo-Nbi-Ngf.svg","contentUrl":"https:\/\/www.nbi-ngf.ch\/wp-content\/uploads\/2025\/04\/Logo-Nbi-Ngf.svg","caption":"Nationales Versicherungsb\u00fcro | Nationaler Garantiefonds"},"image":{"@id":"https:\/\/www.nbi-ngf.ch\/fr\/#\/schema\/logo\/image\/"}}]}},"_links":{"self":[{"href":"https:\/\/www.nbi-ngf.ch\/fr\/wp-json\/wp\/v2\/pages\/3245","targetHints":{"allow":["GET"]}}],"collection":[{"href":"https:\/\/www.nbi-ngf.ch\/fr\/wp-json\/wp\/v2\/pages"}],"about":[{"href":"https:\/\/www.nbi-ngf.ch\/fr\/wp-json\/wp\/v2\/types\/page"}],"author":[{"embeddable":true,"href":"https:\/\/www.nbi-ngf.ch\/fr\/wp-json\/wp\/v2\/users\/1"}],"replies":[{"embeddable":true,"href":"https:\/\/www.nbi-ngf.ch\/fr\/wp-json\/wp\/v2\/comments?post=3245"}],"version-history":[{"count":13,"href":"https:\/\/www.nbi-ngf.ch\/fr\/wp-json\/wp\/v2\/pages\/3245\/revisions"}],"predecessor-version":[{"id":7672,"href":"https:\/\/www.nbi-ngf.ch\/fr\/wp-json\/wp\/v2\/pages\/3245\/revisions\/7672"}],"up":[{"embeddable":true,"href":"https:\/\/www.nbi-ngf.ch\/fr\/wp-json\/wp\/v2\/pages\/3134"}],"wp:attachment":[{"href":"https:\/\/www.nbi-ngf.ch\/fr\/wp-json\/wp\/v2\/media?parent=3245"}],"curies":[{"name":"wp","href":"https:\/\/api.w.org\/{rel}","templated":true}]}}